{"id":152,"date":"2022-07-29T14:49:15","date_gmt":"2022-07-29T12:49:15","guid":{"rendered":"https:\/\/www.berlinconcertbrass.de\/?page_id=152"},"modified":"2026-02-04T17:50:17","modified_gmt":"2026-02-04T16:50:17","slug":"ueber-uns","status":"publish","type":"page","link":"https:\/\/www.berlinconcertbrass.de\/de\/ueber-uns\/","title":{"rendered":"\u00dcber Uns"},"content":{"rendered":"\n<h2 class=\"wp-block-heading alignfull has-text-align-center\">Berlin Concert Brass ist jetzt zehn Jahre alt!!<\/h2>\n\n\n\n<div class=\"wp-block-media-text alignwide has-media-on-the-right is-stacked-on-mobile\"><div class=\"wp-block-media-text__content\">\n<p>Am 10.08.12 schloss sich <strong>Berlin Concert Brass <\/strong>mit\u00a0<a href=\"http:\/\/berlinbrassband.populus.org\/\" target=\"_blank\" rel=\"noreferrer noopener\">BerlinBrassBand<\/a>\u00a0zusammen. Wir freuen uns besonders dar\u00fcber, dass der erfahrene Dirigent und, wie wir, Brassband-begeisterte David\u00a0Rodeschini die musikalische Leitung innehat. Mit Internationaler Besetzung aus bisher 8 Nationen hatten wir am 13.09.2012 unsere erste Probe und genie\u00dfen seitdem gemeinsam w\u00f6chentliche Proben. 2014 wurde Berlin Concert Brass Teil der <a href=\"http:\/\/www.musikschuleneukoelln.de\/\" target=\"_blank\" rel=\"noreferrer noopener\">Musikschule Neuk\u00f6lln<\/a> in Neuk\u00f6lln.<br>Ab 2024 ist es eine besondere Freude, die <a href=\"https:\/\/www.berlin.de\/musikschule-friedrichshain-kreuzberg\/\">Musikschule Friedrichshain-Kreuzberg<\/a> repr\u00e4sentieren zu d\u00fcrfen.<\/p>\n\n\n\n<p><strong>Berlin Concert Brass<\/strong> ist an vielen Orten in Berlin aufgetreten, darunter die Passionskirche, die feste Scheune in Berlin-Buch und die Emmauskirche. Wir haben an Wettbewerben in Chemnitz und Bad Kissingen teilgenommen.<\/p>\n<\/div><figure class=\"wp-block-media-text__media\"><img loading=\"lazy\" decoding=\"async\" width=\"1024\" height=\"608\" src=\"https:\/\/www.berlinconcertbrass.de\/wp-content\/uploads\/2022\/07\/BCB4-1024x608.jpg\" alt=\"\" class=\"wp-image-35 size-full\" srcset=\"https:\/\/www.berlinconcertbrass.de\/wp-content\/uploads\/2022\/07\/BCB4-1024x608.jpg 1024w, https:\/\/www.berlinconcertbrass.de\/wp-content\/uploads\/2022\/07\/BCB4-300x178.jpg 300w, https:\/\/www.berlinconcertbrass.de\/wp-content\/uploads\/2022\/07\/BCB4-768x456.jpg 768w, https:\/\/www.berlinconcertbrass.de\/wp-content\/uploads\/2022\/07\/BCB4-1536x911.jpg 1536w, https:\/\/www.berlinconcertbrass.de\/wp-content\/uploads\/2022\/07\/BCB4-1568x930.jpg 1568w, https:\/\/www.berlinconcertbrass.de\/wp-content\/uploads\/2022\/07\/BCB4.jpg 2048w\" sizes=\"auto, (max-width: 1024px) 100vw, 1024px\" \/><\/figure><\/div>\n\n\n\n<div class=\"wp-block-media-text alignwide is-stacked-on-mobile\"><figure class=\"wp-block-media-text__media\"><img loading=\"lazy\" decoding=\"async\" width=\"960\" height=\"639\" src=\"https:\/\/www.berlinconcertbrass.de\/wp-content\/uploads\/2022\/07\/BCB1.jpg\" alt=\"\" class=\"wp-image-32 size-full\" srcset=\"https:\/\/www.berlinconcertbrass.de\/wp-content\/uploads\/2022\/07\/BCB1.jpg 960w, https:\/\/www.berlinconcertbrass.de\/wp-content\/uploads\/2022\/07\/BCB1-300x200.jpg 300w, https:\/\/www.berlinconcertbrass.de\/wp-content\/uploads\/2022\/07\/BCB1-768x511.jpg 768w\" sizes=\"auto, (max-width: 960px) 100vw, 960px\" \/><\/figure><div class=\"wp-block-media-text__content\">\n<p><strong>Berlin Concert Brass<\/strong> hatte auch schon mehrmals die Gelegenheit, auf Tournee zu gehen. Im Jahr 2014 trat die Band beim <a href=\"https:\/\/youtu.be\/RoZPwhESISI\" target=\"_blank\" rel=\"noreferrer noopener\">Whit Friday<\/a> March Contest in England auf. Ein Highlight im Herbst 2015 war die Tournee durch die Schweiz mit der <a rel=\"noreferrer noopener\" href=\"https:\/\/rosalpbrass.ch\/\" target=\"_blank\">Rosalp Brass Band<\/a> und im Allg\u00e4u mit dem <a rel=\"noreferrer noopener\" href=\"https:\/\/www.asm-kaufbeuren.de\/bezirksjugend\/bjo\" target=\"_blank\">Bezirksjugendorchester Kaufbeuren<\/a>. Wir reisen auch regelm\u00e4\u00dfig nach Wismar und treten in der Region auf.<\/p>\n\n\n\n<p>Wir danken herzlich unseren Photographen, die uns mit wundersch\u00f6nen Aufnahmen unterst\u00fctzen: Jelena Garbotz,&nbsp;Manuel Miethe, Frank No\u00e9&nbsp;und R. Schwarzherz!<\/p>\n<\/div><\/div>\n\n\n\n<p>Unsere British-Style Brass Band<strong>\u00a0Berlin Concert Brass<\/strong>\u00a0probt regelm\u00e4\u00dfig, w\u00f6chentlich am Donnerstagabend um 19:00 Uhr. Wenn Du interessiert bist Dein Blechbl\u00e4ser- oder Schlagwerkk\u00f6nnen zu erproben, sende uns eine Nachricht.<\/p>\n\n\n\n<p>email: <a rel=\"noreferrer noopener\" href=\"mailto:info@berlinconcertbrass.de\" target=\"_blank\">info@berlinconcertbrass.de<\/a><\/p>\n\n\n\n<p>facebook: <a href=\"http:\/\/www.facebook.com\/BerlinConcertBrass\" target=\"_blank\" rel=\"noreferrer noopener\">http:\/\/www.facebook.com\/BerlinConcertBrass<\/a><\/p>\n","protected":false},"excerpt":{"rendered":"<p>Berlin Concert Brass ist jetzt zehn Jahre alt!! Am 10.08.12 schloss sich Berlin Concert Brass mit\u00a0BerlinBrassBand\u00a0zusammen. Wir freuen uns besonders dar\u00fcber, dass der erfahrene Dirigent und, wie wir, Brassband-begeisterte David\u00a0Rodeschini die musikalische Leitung innehat. Mit Internationaler Besetzung aus bisher 8 Nationen hatten wir am 13.09.2012 unsere erste Probe und genie\u00dfen seitdem gemeinsam w\u00f6chentliche Proben. 2014 [&hellip;]<\/p>\n","protected":false},"author":1,"featured_media":42,"parent":0,"menu_order":0,"comment_status":"closed","ping_status":"closed","template":"page-no-separators","meta":{"_locale":"de_DE","_original_post":"https:\/\/www.berlinconcertbrass.de\/berlin-concert-brass-english\/","footnotes":""},"class_list":["post-152","page","type-page","status-publish","has-post-thumbnail","hentry","de-DE"],"_links":{"self":[{"href":"https:\/\/www.berlinconcertbrass.de\/wp-json\/wp\/v2\/pages\/152","targetHints":{"allow":["GET"]}}],"collection":[{"href":"https:\/\/www.berlinconcertbrass.de\/wp-json\/wp\/v2\/pages"}],"about":[{"href":"https:\/\/www.berlinconcertbrass.de\/wp-json\/wp\/v2\/types\/page"}],"author":[{"embeddable":true,"href":"https:\/\/www.berlinconcertbrass.de\/wp-json\/wp\/v2\/users\/1"}],"replies":[{"embeddable":true,"href":"https:\/\/www.berlinconcertbrass.de\/wp-json\/wp\/v2\/comments?post=152"}],"version-history":[{"count":6,"href":"https:\/\/www.berlinconcertbrass.de\/wp-json\/wp\/v2\/pages\/152\/revisions"}],"predecessor-version":[{"id":281,"href":"https:\/\/www.berlinconcertbrass.de\/wp-json\/wp\/v2\/pages\/152\/revisions\/281"}],"wp:featuredmedia":[{"embeddable":true,"href":"https:\/\/www.berlinconcertbrass.de\/wp-json\/wp\/v2\/media\/42"}],"wp:attachment":[{"href":"https:\/\/www.berlinconcertbrass.de\/wp-json\/wp\/v2\/media?parent=152"}],"curies":[{"name":"wp","href":"https:\/\/api.w.org\/{rel}","templated":true}]}}